{"id":2347,"date":"2021-05-19T11:28:17","date_gmt":"2021-05-19T11:28:17","guid":{"rendered":"https:\/\/soundengine.fi\/enginestudio\/?page_id=2347"},"modified":"2021-08-03T12:43:36","modified_gmt":"2021-08-03T12:43:36","slug":"gettogether2021","status":"publish","type":"page","link":"https:\/\/soundengine.fi\/enginestudio\/gettogether2021\/","title":{"rendered":"Get Together 2021"},"content":{"rendered":"<p>[vc_row unlock_row_content=&#8221;yes&#8221; row_height_percent=&#8221;0&#8243; overlay_alpha=&#8221;50&#8243; gutter_size=&#8221;3&#8243; column_width_percent=&#8221;100&#8243; border_color=&#8221;color-jevc&#8221; border_style=&#8221;solid&#8221; shift_y=&#8221;0&#8243; z_index=&#8221;0&#8243;][vc_column width=&#8221;1\/6&#8243;][\/vc_column][vc_column width=&#8221;1\/6&#8243;][\/vc_column][vc_column column_width_percent=&#8221;88&#8243; gutter_size=&#8221;3&#8243; overlay_alpha=&#8221;50&#8243; shift_x=&#8221;0&#8243; shift_y=&#8221;0&#8243; shift_y_down=&#8221;0&#8243; z_index=&#8221;0&#8243; medium_width=&#8221;0&#8243; mobile_width=&#8221;0&#8243; width=&#8221;2\/6&#8243;][vc_single_image media=&#8221;2438&#8243; media_width_percent=&#8221;80&#8243; alignment=&#8221;center&#8221;][\/vc_column][vc_column width=&#8221;1\/6&#8243;][\/vc_column][vc_column width=&#8221;1\/6&#8243;][vc_button button_color=&#8221;color-wvjs&#8221; size=&#8221;btn-sm&#8221; hover_fx=&#8221;outlined&#8221; shadow=&#8221;yes&#8221; shadow_weight=&#8221;std&#8221; border_width=&#8221;0&#8243; link=&#8221;url:https%3A%2F%2Fsoundengine.fi%2Fvinkitosallistujalle%2F|title:https%3A%2F%2Fsoundengine.fi%2Fvinkitosallistujalle%2F|target:%20_blank|&#8221;]Helpdesk[\/vc_button][\/vc_column][\/vc_row][vc_row row_height_percent=&#8221;0&#8243; overlay_alpha=&#8221;50&#8243; gutter_size=&#8221;3&#8243; column_width_percent=&#8221;100&#8243; shift_y=&#8221;0&#8243; z_index=&#8221;0&#8243; el_class=&#8221;template-banner&#8221;][vc_column width=&#8221;1\/2&#8243;][vc_raw_html]JTNDZGl2JTIwc3R5bGUlM0QlMjJwYWRkaW5nJTNBNTYuMjUlMjUlMjAwJTIwMCUyMDAlM0Jwb3NpdGlvbiUzQXJlbGF0aXZlJTNCJTIyJTNFJTNDaWZyYW1lJTIwc3JjJTNEJTIyaHR0cHMlM0ElMkYlMkZ2aW1lby5jb20lMkZldmVudCUyRjEwMDQwMzUlMkZlbWJlZCUyMiUyMGZyYW1lYm9yZGVyJTNEJTIyMCUyMiUyMGFsbG93JTNEJTIyYXV0b3BsYXklM0IlMjBmdWxsc2NyZWVuJTNCJTIwcGljdHVyZS1pbi1waWN0dXJlJTIyJTIwYWxsb3dmdWxsc2NyZWVuJTIwc3R5bGUlM0QlMjJwb3NpdGlvbiUzQWFic29sdXRlJTNCdG9wJTNBMCUzQmxlZnQlM0EwJTNCd2lkdGglM0ExMDAlMjUlM0JoZWlnaHQlM0ExMDAlMjUlM0IlMjIlM0UlM0MlMkZpZnJhbWUlM0UlM0MlMkZkaXYlM0U=[\/vc_raw_html][\/vc_column][\/vc_row][vc_row][vc_column width=&#8221;1\/1&#8243;][vc_column_text]<\/p>\n<p style=\"text-align: center;\">Tapahtuma jatkuu <a href=\"https:\/\/businessmaker.fi\/gettogethermatchmaking\/index.php\/fi\/\" target=\"_blank\" rel=\"noopener noreferrer\" data-auth=\"NotApplicable\" data-linkindex=\"1\" data-ogsc=\"\">BusinessMaker verkostoitumispalvelun<\/a> puolella klo 14.50. Tervetuloa!<\/p>\n<p>[\/vc_column_text][\/vc_column][\/vc_row][vc_row row_height_percent=&#8221;0&#8243; overlay_alpha=&#8221;50&#8243; gutter_size=&#8221;2&#8243; column_width_percent=&#8221;100&#8243; shift_y=&#8221;0&#8243; z_index=&#8221;0&#8243; el_class=&#8221;template-mainContent almaTalent-footer&#8221;][vc_column column_width_percent=&#8221;100&#8243; gutter_size=&#8221;3&#8243; overlay_alpha=&#8221;50&#8243; shift_x=&#8221;0&#8243; shift_y=&#8221;0&#8243; shift_y_down=&#8221;0&#8243; z_index=&#8221;0&#8243; medium_width=&#8221;0&#8243; mobile_width=&#8221;0&#8243; width=&#8221;1\/2&#8243;][vc_row_inner row_inner_height_percent=&#8221;0&#8243; overlay_alpha=&#8221;50&#8243; gutter_size=&#8221;3&#8243; shift_y=&#8221;0&#8243; z_index=&#8221;0&#8243; el_class=&#8221;template-eventInfo&#8221;][vc_column_inner column_width_percent=&#8221;100&#8243; gutter_size=&#8221;3&#8243; style=&#8221;light&#8221; overlay_alpha=&#8221;50&#8243; shift_x=&#8221;0&#8243; shift_y=&#8221;0&#8243; shift_y_down=&#8221;0&#8243; z_index=&#8221;0&#8243; medium_width=&#8221;0&#8243; mobile_width=&#8221;0&#8243; width=&#8221;1\/2&#8243;][vc_column_text]<\/p>\n<h2 style=\"text-align: center;\">Ohjelma<\/h2>\n<p style=\"text-align: center;\">Virtuaalitapahtuma<\/p>\n<p>[\/vc_column_text][vc_column_text]<\/p>\n<p style=\"text-align: center;\">12.00<br \/>\n<strong>Tervetuloa<\/strong><br \/>\n<em>Veera Ullah<\/em><\/p>\n<p style=\"text-align: center;\">12.10<br \/>\n<strong>Irti stressist\u00e4 rakkaushormonin avulla<br \/>\n<\/strong><em>Emilia Vuorisalmi<\/em><\/p>\n<p style=\"text-align: center;\">12.40<br \/>\n<strong>Raha ja hyvinvointi<\/strong><br \/>\n<em>Pia-Maria Nickstr\u00f6m ja Hanna Nikander<\/em><\/p>\n<p style=\"text-align: center;\">13.10<br \/>\n<strong>Mit\u00e4 odottaa, kun ei tied\u00e4 mit\u00e4 odottaa?<\/strong><br \/>\n<em>Noora Poussu, P\u00e4ivi P\u00e4rkk\u00e4 ja Mikko Huhto<\/em><\/p>\n<p style=\"text-align: center;\">13.55<br \/>\n<strong>Moka on lahja<br \/>\n<\/strong><em>Tomi Kaukinen<\/em><\/p>\n<p style=\"text-align: center;\">14.25<br \/>\n<strong>J\u00e4rvisyd\u00e4men tarina<br \/>\n<\/strong><em>Markus Heiskanen<\/em><\/p>\n<p style=\"text-align: center;\">14.35<br \/>\n<strong>Tauko<\/strong><\/p>\n<p style=\"text-align: center;\">14.50<br \/>\n<strong>Verkostoituminen BusinessMakerin avulla<\/strong><\/p>\n<p style=\"text-align: center;\">16.30<br \/>\n<strong>Tilaisuus p\u00e4\u00e4ttyy<\/strong><\/p>\n<p>[\/vc_column_text][\/vc_column_inner][\/vc_row_inner][\/vc_column][\/vc_row]<\/p>\n","protected":false},"excerpt":{"rendered":"<p>[vc_row unlock_row_content=&#8221;yes&#8221; row_height_percent=&#8221;0&#8243; overlay_alpha=&#8221;50&#8243; gutter_size=&#8221;3&#8243; column_width_percent=&#8221;100&#8243; border_color=&#8221;color-jevc&#8221; border_style=&#8221;solid&#8221; shift_y=&#8221;0&#8243; z_index=&#8221;0&#8243;][vc_column width=&#8221;1\/6&#8243;][\/vc_column][vc_column width=&#8221;1\/6&#8243;][\/vc_column][vc_column column_width_percent=&#8221;88&#8243; gutter_size=&#8221;3&#8243; overlay_alpha=&#8221;50&#8243; shift_x=&#8221;0&#8243; shift_y=&#8221;0&#8243; shift_y_down=&#8221;0&#8243; z_index=&#8221;0&#8243; medium_width=&#8221;0&#8243; [&hellip;]<\/p>\n","protected":false},"author":2,"featured_media":0,"parent":0,"menu_order":0,"comment_status":"closed","ping_status":"closed","template":"","meta":[],"_links":{"self":[{"href":"https:\/\/soundengine.fi\/enginestudio\/wp-json\/wp\/v2\/pages\/2347"}],"collection":[{"href":"https:\/\/soundengine.fi\/enginestudio\/wp-json\/wp\/v2\/pages"}],"about":[{"href":"https:\/\/soundengine.fi\/enginestudio\/wp-json\/wp\/v2\/types\/page"}],"author":[{"embeddable":true,"href":"https:\/\/soundengine.fi\/enginestudio\/wp-json\/wp\/v2\/users\/2"}],"replies":[{"embeddable":true,"href":"https:\/\/soundengine.fi\/enginestudio\/wp-json\/wp\/v2\/comments?post=2347"}],"version-history":[{"count":15,"href":"https:\/\/soundengine.fi\/enginestudio\/wp-json\/wp\/v2\/pages\/2347\/revisions"}],"predecessor-version":[{"id":2510,"href":"https:\/\/soundengine.fi\/enginestudio\/wp-json\/wp\/v2\/pages\/2347\/revisions\/2510"}],"wp:attachment":[{"href":"https:\/\/soundengine.fi\/enginestudio\/wp-json\/wp\/v2\/media?parent=2347"}],"curies":[{"name":"wp","href":"https:\/\/api.w.org\/{rel}","templated":true}]}}