{"id":901,"date":"2020-11-04T10:13:10","date_gmt":"2020-11-04T10:13:10","guid":{"rendered":"https:\/\/soundengine.fi\/enginestudio\/?page_id=901"},"modified":"2020-11-04T13:29:44","modified_gmt":"2020-11-04T13:29:44","slug":"martat","status":"publish","type":"page","link":"https:\/\/soundengine.fi\/enginestudio\/martat\/","title":{"rendered":"Martat Afrikassa"},"content":{"rendered":"<p>[vc_row unlock_row_content=&#8221;yes&#8221; row_height_percent=&#8221;18&#8243; back_image=&#8221;913&#8243; overlay_alpha=&#8221;50&#8243; gutter_size=&#8221;0&#8243; column_width_percent=&#8221;100&#8243; border_color=&#8221;color-jevc&#8221; border_style=&#8221;ridge&#8221; shift_y=&#8221;0&#8243; z_index=&#8221;0&#8243; row_height_pixel=&#8221;20&#8243; css=&#8221;.vc_custom_1604473531593{margin-bottom: 0px !important;border-top-width: 0.5px !important;border-right-width: 0px !important;border-bottom-width: 0.5px !important;border-left-width: 0px !important;}&#8221;][vc_column column_width_percent=&#8221;100&#8243; gutter_size=&#8221;3&#8243; expand_height=&#8221;yes&#8221; overlay_alpha=&#8221;50&#8243; shift_x=&#8221;0&#8243; shift_y=&#8221;0&#8243; shift_y_down=&#8221;0&#8243; z_index=&#8221;0&#8243; medium_width=&#8221;0&#8243; mobile_width=&#8221;0&#8243; width=&#8221;1\/1&#8243;][vc_single_image media=&#8221;905&#8243; media_width_percent=&#8221;100&#8243;][\/vc_column][\/vc_row][vc_row row_height_percent=&#8221;0&#8243; overlay_alpha=&#8221;50&#8243; gutter_size=&#8221;3&#8243; column_width_percent=&#8221;100&#8243; shift_y=&#8221;0&#8243; z_index=&#8221;0&#8243; el_class=&#8221;template-banner&#8221;][vc_column width=&#8221;1\/2&#8243;][vc_raw_html]JTNDZGl2JTIwc3R5bGUlM0QlMjJwYWRkaW5nJTNBNTYuMjUlMjUlMjAwJTIwMCUyMDAlM0Jwb3NpdGlvbiUzQXJlbGF0aXZlJTNCJTIyJTNFJTNDaWZyYW1lJTIwc3JjJTNEJTIyaHR0cHMlM0ElMkYlMkZ2aW1lby5jb20lMkZldmVudCUyRjQzNDI0NiUyRmVtYmVkJTIyJTIwZnJhbWVib3JkZXIlM0QlMjIwJTIyJTIwYWxsb3clM0QlMjJhdXRvcGxheSUzQiUyMGZ1bGxzY3JlZW4lMjIlMjBhbGxvd2Z1bGxzY3JlZW4lMjBzdHlsZSUzRCUyMnBvc2l0aW9uJTNBYWJzb2x1dGUlM0J0b3AlM0EwJTNCbGVmdCUzQTAlM0J3aWR0aCUzQTEwMCUyNSUzQmhlaWdodCUzQTEwMCUyNSUzQiUyMiUzRSUzQyUyRmlmcmFtZSUzRSUzQyUyRmRpdiUzRQ==[\/vc_raw_html][\/vc_column][\/vc_row][vc_row row_height_percent=&#8221;0&#8243; overlay_alpha=&#8221;50&#8243; gutter_size=&#8221;2&#8243; column_width_percent=&#8221;100&#8243; shift_y=&#8221;0&#8243; z_index=&#8221;0&#8243; el_class=&#8221;template-mainContent almaTalent-footer&#8221;][vc_column column_width_percent=&#8221;100&#8243; gutter_size=&#8221;3&#8243; overlay_alpha=&#8221;50&#8243; shift_x=&#8221;0&#8243; shift_y=&#8221;0&#8243; shift_y_down=&#8221;0&#8243; z_index=&#8221;0&#8243; medium_width=&#8221;0&#8243; mobile_width=&#8221;0&#8243; width=&#8221;1\/2&#8243;][vc_row_inner row_inner_height_percent=&#8221;0&#8243; overlay_alpha=&#8221;50&#8243; gutter_size=&#8221;3&#8243; shift_y=&#8221;0&#8243; z_index=&#8221;0&#8243; el_class=&#8221;template-eventInfo&#8221;][vc_column_inner column_width_percent=&#8221;100&#8243; gutter_size=&#8221;3&#8243; style=&#8221;light&#8221; overlay_alpha=&#8221;50&#8243; shift_x=&#8221;0&#8243; shift_y=&#8221;0&#8243; shift_y_down=&#8221;0&#8243; z_index=&#8221;0&#8243; medium_width=&#8221;0&#8243; mobile_width=&#8221;0&#8243; width=&#8221;1\/2&#8243;][vc_column_text]<\/p>\n<h2 style=\"text-align: center;\">Ohjelma<\/h2>\n<p style=\"text-align: center;\">Virtuaalitapahtuma<\/p>\n<p>[\/vc_column_text][vc_column_text]<\/p>\n<p class=\"x_MsoNormal\" style=\"text-align: center;\">13.00<br \/>\nP\u00e4\u00e4sihteeri Marianne Heikkil\u00e4n tervetulosanat<\/p>\n<p class=\"x_MsoNormal\" style=\"text-align: center;\">13.05<br \/>\nSuomen kehitysyhteisty\u00f6 tytt\u00f6j\u00e4 ja naisia voimaannuttavana muutoksen tekij\u00e4n\u00e4, ulkomaankauppa- ja kehitysministeri Ville Skinnari avaa tilaisuuden<\/p>\n<p class=\"x_MsoNormal\" style=\"text-align: center;\">13.15<br \/>\nRadikaalit martat maailmaa muuttamassa jo 121 vuotta sitten, Marttaliiton puheenjohtaja, europarlamentaarikko Sirpa Pietik\u00e4inen<\/p>\n<p class=\"x_MsoNormal\" style=\"text-align: center;\">13.25<br \/>\nMartat Afrikassa 40 vuotta -video<\/p>\n<p class=\"x_MsoNormal\" style=\"text-align: center;\">13.30<br \/>\nKatse kotiin ja yhteiskuntaan &#8211; 40 vuotta kokemuksia kent\u00e4lt\u00e4, kehitt\u00e4misp\u00e4\u00e4llikk\u00f6 Terhi Lindqvist, Marttaliitto<\/p>\n<p class=\"x_MsoNormal\" style=\"text-align: center;\">13.45<br \/>\nkommenttipuheenvuoro Martat mukana globaalissa muutoksessa kohti reilumpaa maailmaa, johtaja Outi Hannula, Suomalaiset kehitysj\u00e4rjest\u00f6t Fingo ry<\/p>\n<p class=\"x_MsoNormal\" style=\"text-align: center;\">13.55<br \/>\nRavitsemusneuvonta kehitysyhteisty\u00f6ss\u00e4, erikoistutkija Heli Kuusipalo, THL<\/p>\n<p class=\"x_MsoNormal\" style=\"text-align: center;\">14.10<br \/>\nkommenttipuheenvuoro Annos Afrikkaa, palvelu- ja markkinointijohtaja Marjahelena Salonen, Marttaliitto<\/p>\n<p class=\"x_MsoNormal\" style=\"text-align: center;\">14.20<br \/>\nJ\u00e4rjest\u00f6kumppanuudella seksuaalioikeuksien puolesta, kansainv\u00e4listen asioiden johtaja, Elina Korhonen, V\u00e4est\u00f6liitto<\/p>\n<p class=\"x_MsoNormal\" style=\"text-align: center;\">14.35<br \/>\nVammaisten naisten oikeudet ja osallistuminen, hankekoordinaattori Veera Pensala, Kynnys<\/p>\n<p class=\"x_MsoNormal\" style=\"text-align: center;\">14.50<br \/>\nP\u00e4\u00e4t\u00f6ssanat, puheenjohtaja Marie Louise Wandji, kotitalousneuvojien yhdistys ACESF-CA, Kamerun<\/p>\n<p class=\"x_MsoNormal\" style=\"text-align: center;\">15.00<br \/>\nMarianne Heikkil\u00e4 ja Terhi Lindqvist p\u00e4\u00e4tt\u00e4v\u00e4t seminaarin<\/p>\n<p>[\/vc_column_text][\/vc_column_inner][\/vc_row_inner][\/vc_column][vc_column width=&#8221;1\/2&#8243;][vc_single_image media=&#8221;468&#8243; media_width_percent=&#8221;100&#8243;][\/vc_column][\/vc_row][vc_row][vc_column width=&#8221;1\/4&#8243;][\/vc_column][vc_column width=&#8221;1\/4&#8243;][vc_single_image media=&#8221;825&#8243; media_width_percent=&#8221;100&#8243;][\/vc_column][vc_column width=&#8221;1\/4&#8243;][vc_single_image media=&#8221;266&#8243; media_width_percent=&#8221;100&#8243;][\/vc_column][vc_column width=&#8221;1\/4&#8243;][\/vc_column][\/vc_row]<\/p>\n","protected":false},"excerpt":{"rendered":"<p>[vc_row unlock_row_content=&#8221;yes&#8221; row_height_percent=&#8221;18&#8243; back_image=&#8221;913&#8243; overlay_alpha=&#8221;50&#8243; gutter_size=&#8221;0&#8243; column_width_percent=&#8221;100&#8243; border_color=&#8221;color-jevc&#8221; border_style=&#8221;ridge&#8221; shift_y=&#8221;0&#8243; z_index=&#8221;0&#8243; row_height_pixel=&#8221;20&#8243; css=&#8221;.vc_custom_1604473531593{margin-bottom: 0px !important;border-top-width: 0.5px !important;border-right-width: 0px !important;border-bottom-width: 0.5px [&hellip;]<\/p>\n","protected":false},"author":2,"featured_media":0,"parent":0,"menu_order":0,"comment_status":"closed","ping_status":"closed","template":"","meta":[],"_links":{"self":[{"href":"https:\/\/soundengine.fi\/enginestudio\/wp-json\/wp\/v2\/pages\/901"}],"collection":[{"href":"https:\/\/soundengine.fi\/enginestudio\/wp-json\/wp\/v2\/pages"}],"about":[{"href":"https:\/\/soundengine.fi\/enginestudio\/wp-json\/wp\/v2\/types\/page"}],"author":[{"embeddable":true,"href":"https:\/\/soundengine.fi\/enginestudio\/wp-json\/wp\/v2\/users\/2"}],"replies":[{"embeddable":true,"href":"https:\/\/soundengine.fi\/enginestudio\/wp-json\/wp\/v2\/comments?post=901"}],"version-history":[{"count":10,"href":"https:\/\/soundengine.fi\/enginestudio\/wp-json\/wp\/v2\/pages\/901\/revisions"}],"predecessor-version":[{"id":916,"href":"https:\/\/soundengine.fi\/enginestudio\/wp-json\/wp\/v2\/pages\/901\/revisions\/916"}],"wp:attachment":[{"href":"https:\/\/soundengine.fi\/enginestudio\/wp-json\/wp\/v2\/media?parent=901"}],"curies":[{"name":"wp","href":"https:\/\/api.w.org\/{rel}","templated":true}]}}